{"id":1118,"date":"2018-02-20T19:49:43","date_gmt":"2018-02-21T00:49:43","guid":{"rendered":"http:\/\/atahualpahabaspamba.gob.ec\/pichincha\/?page_id=1118"},"modified":"2021-05-28T15:33:03","modified_gmt":"2021-05-28T20:33:03","slug":"rendicion-de-cuentas-2018","status":"publish","type":"page","link":"https:\/\/atahualpahabaspamba.gob.ec\/pichincha\/rendicion-de-cuentas-2018\/","title":{"rendered":"Rendici\u00f3n de Cuentas 2018"},"content":{"rendered":"<h4>FASE 1: PLANIFICACI\u00d3N Y FACILITACI\u00d3N DEL PROCESO<\/h4>\n<p>1.-[<a href=\"https:\/\/atahualpahabaspamba.gob.ec\/pichincha\/rendicion-de-cuentas-2018\/rc-2019-organizacion-proceso\/\" rel=\"attachment wp-att-1525\">&nbsp;Organizaci\u00f3n del&nbsp; Proceso<\/a>]\n<p>2.-<a href=\"https:\/\/atahualpahabaspamba.gob.ec\/pichincha\/rendicion-de-cuentas-2018\/consulta-ciudadana-2\/\" rel=\"attachment wp-att-1533\">CONSULTA CIUDADANA<\/a>( <strong>mediante oficios de invitaci\u00f3n se adjunta<\/strong>: [<a href=\"https:\/\/atahualpahabaspamba.gob.ec\/pichincha\/rendicion-de-cuentas-2018\/poa-2018-2\/\" rel=\"attachment wp-att-1536\">POA 2018<\/a>]<a href=\"http:\/\/atahualpahabaspamba.gob.ec\/pichincha\/wp-content\/uploads\/2019\/04\/INFORME-DE-INGRESOS-Y-GASTOS-2018.pdf\"> INFORME INGRESOS-Y-GASTOS-GAD-ATAHUALPA-2018<\/a> <a href=\"http:\/\/atahualpahabaspamba.gob.ec\/pichincha\/wp-content\/uploads\/2019\/04\/asignacionpresupuestaria2019.pdf\">PROFORMA 2019<\/a>\/&nbsp; <a href=\"http:\/\/atahualpahabaspamba.gob.ec\/pichincha\/wp-content\/uploads\/2019\/04\/LISTAS-23-61.pdf\">Oferta Campa\u00f1a LISTAS-23-61<\/a>\/<a href=\"http:\/\/atahualpahabaspamba.gob.ec\/pichincha\/wp-content\/uploads\/2019\/04\/RC-2019-Organizaci\u00f3n-Proceso.pdf\">Oferta de Campa\u00f1a LISTA 35<\/a>\/&nbsp;<a href=\"http:\/\/atahualpahabaspamba.gob.ec\/pichincha\/wp-content\/uploads\/2019\/04\/RC-2019-Organizaci\u00f3n-Proceso.pdf\">Oferta de Campa\u00f1a LISTA 18<\/a> )<\/p>\n<p>3.- Temas-entregados- al- GAD para que rindan cuentas pdf.<\/p>\n<p>4.- <a href=\"http:\/\/atahualpahabaspamba.gob.ec\/pichincha\/wp-content\/uploads\/2019\/04\/REGISTRO-DE-PRESIDENTES-E-INSTITUCIONES.pdf\">Instancias de participaci\u00f3n<\/a><\/p>\n<p><a href=\"http:\/\/atahualpahabaspamba.gob.ec\/pichincha\/?attachment_id=1552\"><img loading=\"lazy\" decoding=\"async\" class=\"alignnone size-medium wp-image-1552\" src=\"http:\/\/atahualpahabaspamba.gob.ec\/pichincha\/wp-content\/uploads\/2019\/04\/Flujodrama-del-proceso-de-rendicion-de-cuentas-550x381.jpg\" alt=\"\" width=\"550\" height=\"381\" srcset=\"https:\/\/atahualpahabaspamba.gob.ec\/pichincha\/wp-content\/uploads\/2019\/04\/Flujodrama-del-proceso-de-rendicion-de-cuentas-550x381.jpg 550w, https:\/\/atahualpahabaspamba.gob.ec\/pichincha\/wp-content\/uploads\/2019\/04\/Flujodrama-del-proceso-de-rendicion-de-cuentas.jpg 700w\" sizes=\"auto, (max-width: 550px) 100vw, 550px\" \/><\/a><\/p>\n<h4><\/h4>\n<h4>FASE 2:&nbsp;EVALUACI\u00d3N DE LA GESTI\u00d3N Y ELABORACI\u00d3N DEL INFORME DE RENDICI\u00d3N DE CUENTAS.<\/h4>\n<ol>\n<li>Evaluaci\u00f3n de la gesti\u00f3n institucional<\/li>\n<li>Llenado del formulario CPCCS<\/li>\n<li><a href=\"http:\/\/atahualpahabaspamba.gob.ec\/pichincha\/wp-content\/uploads\/2019\/04\/RENDION-DE-CUENTAS-2018.pdf\">Aprobaci\u00f3n del Informe por el GAD&nbsp;<\/a><\/li>\n<li><a href=\"http:\/\/atahualpahabaspamba.gob.ec\/pichincha\/wp-content\/uploads\/2019\/04\/INFORME-DE-INGRESOS-Y-GASTOS-2018.pdf\">Entrega previa del informe a la Asamble Ciudadana Local&nbsp;<\/a><\/li>\n<\/ol>\n<h4><\/h4>\n<h4>FASE 3: DELIBERACI\u00d3N P\u00daBLICA Y EVALUACI\u00d3N CIUDADANA DEL INFORME DE RENDICI\u00d3N DE CUENTAS<\/h4>\n<ol>\n<li style=\"text-align: left;\">La Asamblea Ciudadana Local eval\u00faa el informe de Rendici\u00f3n de Cuentas<\/li>\n<li style=\"text-align: left;\"><a href=\"http:\/\/atahualpahabaspamba.gob.ec\/pichincha\/wp-content\/uploads\/2019\/04\/20190423113838494.pdf\">Difusi\u00f3n previa del Informe de Rendici\u00f3n de Cuentas<\/a><\/li>\n<li style=\"text-align: left;\"><a href=\"https:\/\/www.facebook.com\/GADAtahualpaHabaspamba\/photos\/a.685468038248090\/1989442524517295\/?type=3&amp;theater\">Convocatoria a la deliberaci\u00f3n p\u00fablica y evaluaci\u00f3n ciudadana.<\/a><\/li>\n<\/ol>\n<p><a href=\"http:\/\/atahualpahabaspamba.gob.ec\/pichincha\/?attachment_id=1554\"><img loading=\"lazy\" decoding=\"async\" class=\"alignnone size-medium wp-image-1554\" src=\"http:\/\/atahualpahabaspamba.gob.ec\/pichincha\/wp-content\/uploads\/2019\/04\/56857723_1989442534517294_7321504382963417088_o-550x389.jpg\" alt=\"\" width=\"550\" height=\"389\" srcset=\"https:\/\/atahualpahabaspamba.gob.ec\/pichincha\/wp-content\/uploads\/2019\/04\/56857723_1989442534517294_7321504382963417088_o-550x389.jpg 550w, https:\/\/atahualpahabaspamba.gob.ec\/pichincha\/wp-content\/uploads\/2019\/04\/56857723_1989442534517294_7321504382963417088_o.jpg 700w\" sizes=\"auto, (max-width: 550px) 100vw, 550px\" \/><\/a><\/p>\n<h3><\/h3>\n<h3>FASE 4:<\/h3>\n<ul>\n<li>\n<h3>Seguimiento a la incorporaci\u00f3n de la opini\u00f3n ciudadana<\/h3>\n<\/li>\n<\/ul>\n<p>&nbsp;<\/p>\n<p>&nbsp;<\/p>\n","protected":false},"excerpt":{"rendered":"<p>FASE 1: PLANIFICACI\u00d3N Y FACILITACI\u00d3N DEL PROCESO 1.-[&nbsp;Organizaci\u00f3n del&nbsp; Proceso] 2.-CONSULTA CIUDADANA( mediante oficios de invitaci\u00f3n se adjunta: [POA 2018] INFORME INGRESOS-Y-GASTOS-GAD-ATAHUALPA-2018 PROFORMA 2019\/&nbsp; Oferta Campa\u00f1a LISTAS-23-61\/Oferta de Campa\u00f1a LISTA 35\/&nbsp;Oferta de Campa\u00f1a LISTA 18 ) 3.- Temas-entregados- al- GAD para que rindan cuentas pdf. 4.- Instancias de participaci\u00f3n FASE 2:&nbsp;EVALUACI\u00d3N DE LA GESTI\u00d3N Y [&hellip;]<\/p>\n","protected":false},"author":6,"featured_media":0,"parent":0,"menu_order":0,"comment_status":"closed","ping_status":"closed","template":"","meta":{"footnotes":""},"class_list":["post-1118","page","type-page","status-publish","hentry","post"],"_links":{"self":[{"href":"https:\/\/atahualpahabaspamba.gob.ec\/pichincha\/wp-json\/wp\/v2\/pages\/1118","targetHints":{"allow":["GET"]}}],"collection":[{"href":"https:\/\/atahualpahabaspamba.gob.ec\/pichincha\/wp-json\/wp\/v2\/pages"}],"about":[{"href":"https:\/\/atahualpahabaspamba.gob.ec\/pichincha\/wp-json\/wp\/v2\/types\/page"}],"author":[{"embeddable":true,"href":"https:\/\/atahualpahabaspamba.gob.ec\/pichincha\/wp-json\/wp\/v2\/users\/6"}],"replies":[{"embeddable":true,"href":"https:\/\/atahualpahabaspamba.gob.ec\/pichincha\/wp-json\/wp\/v2\/comments?post=1118"}],"version-history":[{"count":27,"href":"https:\/\/atahualpahabaspamba.gob.ec\/pichincha\/wp-json\/wp\/v2\/pages\/1118\/revisions"}],"predecessor-version":[{"id":3153,"href":"https:\/\/atahualpahabaspamba.gob.ec\/pichincha\/wp-json\/wp\/v2\/pages\/1118\/revisions\/3153"}],"wp:attachment":[{"href":"https:\/\/atahualpahabaspamba.gob.ec\/pichincha\/wp-json\/wp\/v2\/media?parent=1118"}],"curies":[{"name":"wp","href":"https:\/\/api.w.org\/{rel}","templated":true}]}}