{"id":2651,"date":"2021-01-03T17:48:45","date_gmt":"2021-01-03T22:48:45","guid":{"rendered":"https:\/\/atahualpahabaspamba.gob.ec\/pichincha\/?page_id=2651"},"modified":"2021-02-19T16:02:27","modified_gmt":"2021-02-19T21:02:27","slug":"plan-de-desarrollo-y-ordenamiento-territorial","status":"publish","type":"page","link":"https:\/\/atahualpahabaspamba.gob.ec\/pichincha\/plan-de-desarrollo-y-ordenamiento-territorial\/","title":{"rendered":"Plan de Desarrollo y Ordenamiento Territorial 2019 &#8211; 2023"},"content":{"rendered":"<div class=\"wpb-content-wrapper\">[vc_row][vc_column][vc_cta h2=\u00bbRevisa y descarga el Plan de Desarrollo y Ordenamiento Territorial\u00bb]En el siguiente apartado puedes visualizar en l\u00ednea el PDOT de la Parroquia Rural de Atahualpa Habaspamba o si deseas, puedes descargar el <strong><a href=\"https:\/\/atahualpahabaspamba.gob.ec\/pichincha\/wp-content\/uploads\/2021\/01\/Plan_de_Ordenamiento_y_Desarrollo_Territorial_2019_2023_Parroquia_Atahualpa_Habaspamba.pdf\" target=\"_blank\" rel=\"noopener\">Plan de Desarrollo y Ordenamiento Territorial haciendo clic aqu\u00ed.<\/a><\/strong>[\/vc_cta][\/vc_column][\/vc_row][vc_row][vc_column][vc_column_text]El PDOT es un instrumento t\u00e9cnico y normativo para la planificaci\u00f3n territorial. Orienta las intervenciones de las instituciones p\u00fablicas y privadas para generar el desarrollo local. En esencia, un PDOT es una propuesta para ordenar la gesti\u00f3n de un territorio, en armon\u00eda con los actores involucrados y de acuerdo a las vocaciones del territorio. Adem\u00e1s, es un instrumento pol\u00edtico, pues refleja la visi\u00f3n de desarrollo, estrategias, programas proyectos que permiten alcanzar el plan de trabajo de la autoridad electa.<\/p>\n<p>Fuente: <a href=\"https:\/\/www.planificacion.gob.ec\/\" target=\"_blank\" rel=\"noopener\">Secretar\u00eda T\u00e9cnica Planifica Ecuador<\/a><\/p>\n<div class=\"_df_book df-lite\" id=\"df_2680\"  _slug=\"pdot-3d\" data-title=\"pdot-3d\" wpoptions=\"true\" thumb=\"https:\/\/atahualpahabaspamba.gob.ec\/pichincha\/wp-content\/uploads\/2021\/01\/Portada_web_pdot2019_2023.jpg\" thumbtype=\"\" ><\/div><script class=\"df-shortcode-script\" nowprocket type=\"application\/javascript\">window.option_df_2680 = {\"outline\":[],\"autoEnableOutline\":\"false\",\"autoEnableThumbnail\":\"false\",\"overwritePDFOutline\":\"false\",\"direction\":\"1\",\"pageSize\":\"0\",\"source\":\"https:\\\/\\\/atahualpahabaspamba.gob.ec\\\/pichincha\\\/wp-content\\\/uploads\\\/2021\\\/01\\\/Plan_de_Ordenamiento_y_Desarrollo_Territorial_2019_2023_Parroquia_Atahualpa_Habaspamba.pdf\",\"wpOptions\":\"true\"}; if(window.DFLIP && window.DFLIP.parseBooks){window.DFLIP.parseBooks();}<\/script>\n<p><span style=\"color: #017530;\"><em><strong>RECUERDA<\/strong><\/em><\/span><\/p>\n<p>\u201cLos planes de desarrollo y ordenamiento territorial son los instrumentos de planificaci\u00f3n que contienen las directrices principales de los gobiernos aut\u00f3nomos descentralizados (GAD) respecto de las decisiones<br \/>\nestrat\u00e9gicas de desarrollo y que permiten la gesti\u00f3n concertada y articulada del territorio. Tienen por objeto ordenar, compatibilizar y armonizar las decisiones estrat\u00e9gicas de desarrollo respecto de los asentamientos humanos, las actividades econ\u00f3mico-productivas y el manejo de los recursos naturales en funci\u00f3n de las cualidades territoriales, a trav\u00e9s de la definici\u00f3n de lineamientos para la materializaci\u00f3n del modelo territorial deseado, establecidos por el nivel de gobierno respectivo (\u2026)\u201d. Copfp (2019). Art. 41.[\/vc_column_text][\/vc_column][\/vc_row]\n<\/div>","protected":false},"excerpt":{"rendered":"<p>[vc_row][vc_column][vc_cta h2=\u00bbRevisa y descarga el Plan de Desarrollo y Ordenamiento Territorial\u00bb]En el siguiente apartado puedes visualizar en l\u00ednea el PDOT de la Parroquia Rural de Atahualpa Habaspamba o si deseas, puedes descargar el Plan de Desarrollo y Ordenamiento Territorial haciendo clic aqu\u00ed.[\/vc_cta][\/vc_column][\/vc_row][vc_row][vc_column][vc_column_text]El PDOT es un instrumento t\u00e9cnico y normativo para la planificaci\u00f3n territorial. Orienta las [&hellip;]<\/p>\n","protected":false},"author":6,"featured_media":2670,"parent":0,"menu_order":0,"comment_status":"closed","ping_status":"closed","template":"","meta":{"footnotes":""},"class_list":["post-2651","page","type-page","status-publish","has-post-thumbnail","hentry","post","post-with-thumbnail","post-with-thumbnail-large"],"_links":{"self":[{"href":"https:\/\/atahualpahabaspamba.gob.ec\/pichincha\/wp-json\/wp\/v2\/pages\/2651","targetHints":{"allow":["GET"]}}],"collection":[{"href":"https:\/\/atahualpahabaspamba.gob.ec\/pichincha\/wp-json\/wp\/v2\/pages"}],"about":[{"href":"https:\/\/atahualpahabaspamba.gob.ec\/pichincha\/wp-json\/wp\/v2\/types\/page"}],"author":[{"embeddable":true,"href":"https:\/\/atahualpahabaspamba.gob.ec\/pichincha\/wp-json\/wp\/v2\/users\/6"}],"replies":[{"embeddable":true,"href":"https:\/\/atahualpahabaspamba.gob.ec\/pichincha\/wp-json\/wp\/v2\/comments?post=2651"}],"version-history":[{"count":22,"href":"https:\/\/atahualpahabaspamba.gob.ec\/pichincha\/wp-json\/wp\/v2\/pages\/2651\/revisions"}],"predecessor-version":[{"id":2948,"href":"https:\/\/atahualpahabaspamba.gob.ec\/pichincha\/wp-json\/wp\/v2\/pages\/2651\/revisions\/2948"}],"wp:featuredmedia":[{"embeddable":true,"href":"https:\/\/atahualpahabaspamba.gob.ec\/pichincha\/wp-json\/wp\/v2\/media\/2670"}],"wp:attachment":[{"href":"https:\/\/atahualpahabaspamba.gob.ec\/pichincha\/wp-json\/wp\/v2\/media?parent=2651"}],"curies":[{"name":"wp","href":"https:\/\/api.w.org\/{rel}","templated":true}]}}