{"id":5029,"date":"2023-12-31T09:23:08","date_gmt":"2023-12-31T14:23:08","guid":{"rendered":"https:\/\/atahualpahabaspamba.gob.ec\/pichincha\/?page_id=5029"},"modified":"2026-03-12T15:08:15","modified_gmt":"2026-03-12T20:08:15","slug":"rendicion-de-cuentas-2024","status":"publish","type":"page","link":"https:\/\/atahualpahabaspamba.gob.ec\/pichincha\/rendicion-de-cuentas-2024\/","title":{"rendered":"Rendici\u00f3n de Cuentas 2024"},"content":{"rendered":"<table width=\"720\">\n<tbody>\n<tr>\n<td colspan=\"3\" width=\"720\">Publicaci\u00f3n respaldos rendici\u00f3n de cuentas en el repositorio del sitio web institucional<\/td>\n<\/tr>\n<tr>\n<td width=\"233\">Instituci\u00f3n:<\/td>\n<td colspan=\"2\" width=\"487\">GOBIERNO AUTONOMO DESCENTRALIZADO PARROQUIAL RURAL ATAHUALPA<\/td>\n<\/tr>\n<tr>\n<td width=\"233\">Registro \u00danico de Contribuyente (RUC):<\/td>\n<td colspan=\"2\">1768120790001<\/td>\n<\/tr>\n<tr>\n<td width=\"233\">Per\u00edodo de rendici\u00f3n de cuentas:<\/td>\n<td colspan=\"2\" width=\"487\">2024<\/td>\n<\/tr>\n<tr>\n<td width=\"233\">Cargo y nombre de representante legal de la Entidad:<\/td>\n<td colspan=\"2\" width=\"487\">Ing. Mauricio Marroqu\u00edn<\/td>\n<\/tr>\n<tr>\n<td rowspan=\"14\" width=\"233\">Equipo encargado de la RDC (2024):<\/td>\n<td colspan=\"2\" width=\"487\">Jos\u00e9 Luis Rodr\u00edguez -Vocal Principal<\/td>\n<\/tr>\n<tr>\n<td colspan=\"2\" width=\"487\">Elizabeth G\u00f3mez -Vocal Principal<\/td>\n<\/tr>\n<tr>\n<td colspan=\"2\" width=\"487\">Ing. Catherine Tip\u00e1n -Secretaria Tesorera<\/td>\n<\/tr>\n<tr>\n<td colspan=\"2\" width=\"487\"><\/td>\n<\/tr>\n<tr>\n<td colspan=\"2\" width=\"487\"><\/td>\n<\/tr>\n<tr>\n<td colspan=\"2\" width=\"487\"><\/td>\n<\/tr>\n<tr>\n<td colspan=\"2\" width=\"487\"><\/td>\n<\/tr>\n<tr>\n<td colspan=\"2\" width=\"487\"><\/td>\n<\/tr>\n<tr>\n<td colspan=\"2\" width=\"487\"><\/td>\n<\/tr>\n<tr>\n<td colspan=\"2\" width=\"487\"><\/td>\n<\/tr>\n<tr>\n<td colspan=\"2\" width=\"487\"><\/td>\n<\/tr>\n<tr>\n<td colspan=\"2\" width=\"487\"><\/td>\n<\/tr>\n<tr>\n<td colspan=\"2\" width=\"487\"><\/td>\n<\/tr>\n<tr>\n<td colspan=\"2\" width=\"487\">Delegaci\u00f3n Equipo institucional &#8211;<a href=\"http:\/\/Delegaci\u00f3n Equipo institucional\" target=\"_blank\" rel=\"noopener\">http:\/\/Delegaci\u00f3n Equipo institucional<\/a><\/td>\n<\/tr>\n<tr>\n<td width=\"233\">GAD: Parroquial Rural Atahualpa<\/td>\n<td colspan=\"2\" width=\"487\">Rendici\u00f3n de cuentas 2024<\/td>\n<\/tr>\n<tr>\n<td colspan=\"3\" width=\"720\">&nbsp;<\/p>\n<p>&nbsp;<\/td>\n<\/tr>\n<tr>\n<td colspan=\"3\" width=\"720\">FASE 1: PLANIFICACI\u00d3N Y FACILITACI\u00d3N DEL PROCESO<\/td>\n<\/tr>\n<tr>\n<td width=\"233\">Momento de la Fase<\/td>\n<td width=\"213\"><\/td>\n<td width=\"274\"><\/td>\n<\/tr>\n<tr>\n<td rowspan=\"3\" width=\"233\">1. Organizaci\u00f3n del proceso<\/td>\n<td width=\"213\">*Convocatoria ciudadana (consulta de temas)<\/td>\n<td width=\"274\"><a href=\"https:\/\/www.facebook.com\/photo?fbid=1092095872952417&amp;set=a.250721227089890\" target=\"_blank\" rel=\"noopener\">Convocatoria a la ciudadan\u00eda<\/a><\/td>\n<\/tr>\n<tr>\n<td width=\"213\">*Acta y registro de participantes<\/td>\n<td width=\"274\">::::::::::::::::::::::::::::::::::::::::::::::::::::::::::::::::::::::::::<\/td>\n<\/tr>\n<tr>\n<td width=\"213\"><\/td>\n<td width=\"274\"><a href=\"https:\/\/drive.google.com\/file\/d\/1BtD38ffIeyxSzMNkfx5hc4SkSRzoxFDv\/view?usp=drive_link\" target=\"_blank\" rel=\"noopener\">ACTA Y LISTADO DE PARTICIPANTES<\/a><\/td>\n<\/tr>\n<tr>\n<td rowspan=\"11\" width=\"233\">2. Consulta ciudadana<\/td>\n<td width=\"213\">*Plan de Desarrollo Territorial<\/td>\n<td width=\"274\"><a href=\"https:\/\/drive.google.com\/file\/d\/15JQzw-1d-UOUxXu1odvRAolcw36KdNX7\/view?usp=sharing\" target=\"_blank\" rel=\"noopener\">PDOT<\/a><\/td>\n<\/tr>\n<tr>\n<td width=\"213\">*POA<\/td>\n<td width=\"274\">:::::::::::::::::::::::::::::::::::::::::::::::::::::::::::::::::::::::::::::<\/td>\n<\/tr>\n<tr>\n<td width=\"213\">*Presupuesto institucional<\/td>\n<td width=\"274\"><a href=\"https:\/\/docs.google.com\/spreadsheets\/d\/1IRWikCVpMvUFc-q7E4lzVYPN3CNUh8kZ\/edit?usp=sharing&amp;ouid=114530337798057093952&amp;rtpof=true&amp;sd=true\" target=\"_blank\" rel=\"noopener\">POA\u00a0 2024\u00a0<\/a><\/td>\n<\/tr>\n<tr>\n<td width=\"213\">C\u00e9dulas Presupuestarias<\/p>\n<p>&nbsp;<\/td>\n<td width=\"274\"><a href=\"https:\/\/drive.google.com\/file\/d\/1y-rcxuAy0MZR9l0zRs-svOTAak-ST8YI\/view?usp=sharing\" target=\"_blank\" rel=\"noopener\">Ingresos<\/a><\/p>\n<p><a href=\"https:\/\/drive.google.com\/file\/d\/1fbBcgBznW2EzeqOHB0Vq5G9o6ize7jyk\/view?usp=sharing\" target=\"_blank\" rel=\"noopener\">Gastos<\/a><\/p>\n<p><a href=\"https:\/\/drive.google.com\/file\/d\/1BiZ22eLux4N2sa_h6V3GjC1Apa2dbRXR\/view?usp=sharing\" target=\"_blank\" rel=\"noopener\">Proyecto1<\/a><\/p>\n<p><a href=\"https:\/\/drive.google.com\/file\/d\/1nib3l7BbGeebgVglqgt19PA_dzX2_CwO\/view?usp=sharing\" target=\"_blank\" rel=\"noopener\">Proyecto2<\/a><\/p>\n<p><a href=\"https:\/\/drive.google.com\/file\/d\/1zp9z2khqmhxQsu67bXJAmCH-deUiR0MN\/view?usp=sharing\" target=\"_blank\" rel=\"noopener\">Proyecto3<\/a><\/p>\n<p><a href=\"https:\/\/drive.google.com\/file\/d\/1cC54cmWIAr0mDAPdCm5ZolPlDxb_dfWU\/view?usp=sharing\" target=\"_blank\" rel=\"noopener\">Proyecto4<\/a><\/p>\n<p><a href=\"https:\/\/drive.google.com\/file\/d\/1iySl08rzvbnFCTCg0_O3sMoFvtz3W5PN\/view?usp=sharing\" target=\"_blank\" rel=\"noopener\">Proyecto5<\/a><\/td>\n<\/tr>\n<tr>\n<td width=\"213\">*Listado de temas alineados para la RDC<\/td>\n<td width=\"274\">:::::::::::::::::::::::::::::::::::::::::::::::::::::::::::::::::::::::::::::<\/td>\n<\/tr>\n<tr>\n<td width=\"213\"><\/td>\n<td width=\"274\"><a href=\"https:\/\/docs.google.com\/spreadsheets\/d\/1IRWikCVpMvUFc-q7E4lzVYPN3CNUh8kZ\/edit?usp=drive_link&amp;ouid=114530337798057093952&amp;rtpof=true&amp;sd=true\" target=\"_blank\" rel=\"noopener\">Presupuesto institucional 2024\u00a0<\/a><\/td>\n<\/tr>\n<tr>\n<td width=\"213\"><\/td>\n<td width=\"274\"><\/td>\n<\/tr>\n<tr>\n<td width=\"213\"><\/td>\n<td width=\"274\">:::::::::::::::::::::::::::::::::::::::::::::::::::::::::::::::::::::::::::::<\/td>\n<\/tr>\n<tr>\n<td width=\"213\"><\/td>\n<td width=\"274\"><a href=\"https:\/\/drive.google.com\/file\/d\/1m1aGJBVM0KHYKf9fPjZ9kNQRtoDtcH9R\/view?fbclid=IwY2xjawK5YA5leHRuA2FlbQIxMABicmlkETE1RjREUU5zVHJQRk9vSGxPAR6qjCDHT_9WnN1nBFrJ5L4nktEiv5VQykoBxXA9iVGqbpxcFD9izHwHjhmWng_aem_QnydnJe4paS7k-IPXglexg\" target=\"_blank\" rel=\"noopener\">Plan GAD<\/a><\/td>\n<\/tr>\n<tr>\n<td width=\"213\"><\/td>\n<td width=\"274\">::::::::::::::::::::::::::::::::::::::::::::::::::::::::::::::::::<\/td>\n<\/tr>\n<tr>\n<td width=\"213\"><\/td>\n<td width=\"274\"><\/td>\n<\/tr>\n<tr>\n<td width=\"233\">3. Entrega de temas para que el GAD \/ Entidad rinda cuentas<\/td>\n<td width=\"213\">*Listado de temas entregados al GAD \/ Entidad (resultado de la consulta a la ciudadan\u00eda).<\/td>\n<td width=\"274\"><a href=\"https:\/\/drive.google.com\/file\/d\/12cbtmCcILyWGBXpEjfHtSV-fENCO6pJ3\/view?usp=drive_link\" target=\"_blank\" rel=\"noopener\">Listado temas entregados por la ciudadan\u00eda<\/a><\/td>\n<\/tr>\n<tr>\n<td rowspan=\"6\" width=\"233\">4. Instancia de participaci\u00f3n<\/td>\n<td width=\"213\">*Conformaci\u00f3n de las comisiones mixtas (integrantes y responsables)<\/p>\n<p>&nbsp;<\/td>\n<td width=\"274\"><a href=\"https:\/\/drive.google.com\/file\/d\/1uoxxQC_g8N31iyhJWxw3JF2ogRU52TvE\/view?usp=sharing\" target=\"_blank\" rel=\"noopener\">Conformaci\u00f3n comisiones mixtas<\/a><\/td>\n<\/tr>\n<tr>\n<td width=\"213\">*Actas de reuniones de la Comisi\u00f3n mixta 1 (encargada de la elaboraci\u00f3n del informe)<\/p>\n<p>*Respuesta a la Ciudadan\u00eda<\/td>\n<td width=\"274\"><a href=\"https:\/\/drive.google.com\/file\/d\/1BtD38ffIeyxSzMNkfx5hc4SkSRzoxFDv\/view?usp=drive_link\" target=\"_blank\" rel=\"noopener\">Acta reuni\u00f3n Comisi\u00f3n mixta 1<\/a><\/p>\n<p>&nbsp;<\/p>\n<p><a href=\"https:\/\/drive.google.com\/file\/d\/15IJuWRjvv9fXSVaOV_tyGTerXwiR3OSg\/view?usp=drive_link\" target=\"_blank\" rel=\"noopener\">Informe para la ciudadan\u00eda respuestas<\/a><\/td>\n<\/tr>\n<tr>\n<td width=\"213\">*Actas de reuniones de la Comisi\u00f3n mixta 2 (encargada del evento de deliberaci\u00f3n p\u00fablica)<\/td>\n<td width=\"274\">:::::::::::::::::::::::::::::::::::::::::::::::::::::::::::::::::::::::::::<\/td>\n<\/tr>\n<tr>\n<td width=\"213\">*Metodolog\u00eda de las mesas de trabajo (para evento de deliberaci\u00f3n p\u00fablica)<\/td>\n<td width=\"274\"><a href=\"https:\/\/drive.google.com\/file\/d\/1ltw0DQMcF2em6o9hyc8KtS_tZGTaKCGS\/view?usp=sharing\" target=\"_blank\" rel=\"noopener\">Acta reuni\u00f3n Comisi\u00f3n mixta 2<\/a><\/td>\n<\/tr>\n<tr>\n<td width=\"213\"><\/td>\n<td width=\"274\">:::::::::::::::::::::::::::::::::::::::::::::::::::::::::::::::::::::::::::<\/td>\n<\/tr>\n<tr>\n<td width=\"213\"><\/td>\n<td width=\"274\"><a href=\"https:\/\/drive.google.com\/file\/d\/1nZl2Uppe_G1AtU5KWKq0IFf1AvXCXcPB\/view?usp=sharing\" target=\"_blank\" rel=\"noopener\">Metodolog\u00eda mesas de trabajo evento<\/a><\/td>\n<\/tr>\n<tr>\n<td width=\"233\">&nbsp;<\/p>\n<p>&nbsp;<\/p>\n<p>&nbsp;<\/td>\n<td width=\"213\"><\/td>\n<td width=\"274\"><\/td>\n<\/tr>\n<tr>\n<td colspan=\"3\" width=\"720\">FASE 2 &#8211; EVALUACI\u00d3N DE LA GESTI\u00d3N Y ELABORACI\u00d3N DEL INFORME DE RENDICI\u00d3N DE CUENTAS<\/td>\n<\/tr>\n<tr>\n<td width=\"233\">Momento de la Fase<\/td>\n<td width=\"213\"><\/td>\n<td width=\"274\"><\/td>\n<\/tr>\n<tr>\n<td rowspan=\"6\" width=\"233\">Evaluaci\u00f3n de la gesti\u00f3n y elaboraci\u00f3n del informe de rendici\u00f3n de cuentas<\/td>\n<td width=\"213\">1. Evaluaci\u00f3n de la gesti\u00f3n institucional<\/td>\n<td rowspan=\"2\" width=\"274\"><a href=\"https:\/\/drive.google.com\/file\/d\/1zcqUdnYhb7k-ejsYGFIKf70eLMWglUJp\/view\" target=\"_blank\" rel=\"noopener\">Informe narrativo RDC<\/a><\/td>\n<\/tr>\n<tr>\n<td width=\"213\">Informe de RDC aprobado por la m\u00e1xima autoridad de la entidad.<\/td>\n<\/tr>\n<tr>\n<td width=\"213\">2. Llenado formulario RDC del CPCCS<\/td>\n<td rowspan=\"2\" width=\"274\"><a href=\"https:\/\/docs.google.com\/spreadsheets\/d\/199J8aLel0O_jvNpeFqgcuJLQtZOMnFiC\/edit?usp=sharing&amp;ouid=114530337798057093952&amp;rtpof=true&amp;sd=true\" target=\"_blank\" rel=\"noopener\">Formulario RDC preliminar<\/a><\/td>\n<\/tr>\n<tr>\n<td width=\"213\">Formulario RDC preliminar (Excel con v\u00ednculos habilitados)<\/td>\n<\/tr>\n<tr>\n<td width=\"213\">3. Aprobaci\u00f3n del informe por el GAD \/ Entidad<\/td>\n<td width=\"274\"><a href=\"https:\/\/drive.google.com\/file\/d\/1ZcCBAXj3STNtD1rBxc3vpCk1hLzvG7vu\/view?usp=sharing\">Aprobaci\u00f3n del informe<\/a><\/td>\n<\/tr>\n<tr>\n<td width=\"213\">4. Entrega previa del informe a la Asamblea Local (representantes ciudadan\u00eda)<\/td>\n<td width=\"274\"><a href=\"https:\/\/drive.google.com\/file\/d\/1zzmf2PNISV4Xl-Ry8oQk66LcbhtU9hY1\/view?usp=sharing\">Acta entrega de informe a la ciudadan\u00eda<\/a><\/td>\n<\/tr>\n<tr>\n<td width=\"233\">&nbsp;<\/p>\n<p>&nbsp;<\/p>\n<p>&nbsp;<\/td>\n<td width=\"213\"><\/td>\n<td width=\"274\"><\/td>\n<\/tr>\n<tr>\n<td colspan=\"3\" width=\"720\">FASE 3 &#8211; DELIBERACI\u00d3N P\u00daBLICA Y EVALUACI\u00d3N CIUDADANA DEL INFORME DE RENDICI\u00d3N DE CUENTAS.<\/td>\n<\/tr>\n<tr>\n<td width=\"233\">Momento de la Fase<\/td>\n<td width=\"213\"><\/td>\n<td width=\"274\"><\/td>\n<\/tr>\n<tr>\n<td rowspan=\"17\" width=\"233\">Deliberaci\u00f3n p\u00fablica y evaluaci\u00f3n ciudadana del informe de rendici\u00f3n de cuentas<\/td>\n<td rowspan=\"6\" width=\"213\">1.Convocatoria a la deliberaci\u00f3n p\u00fablica y evaluaci\u00f3n ciudadana<\/p>\n<p>&nbsp;<\/p>\n<p>2. Deliberaci\u00f3n p\u00fablica y evaluaci\u00f3n ciudadana<\/p>\n<p>&nbsp;<\/td>\n<td width=\"274\"><a href=\"https:\/\/drive.google.com\/file\/d\/16oxStKbewptCuWs6gWcXkhflsNtOJIAB\/view?usp=sharing\">Convocatoria p\u00fablica a evento<\/a><\/td>\n<\/tr>\n<tr>\n<td width=\"274\"><a href=\"https:\/\/drive.google.com\/file\/d\/19Gag6ql7LXrqMcLQIhPu1TWRmnXjdT7h\/view?usp=sharing\">Invitaciones directas<\/a><\/td>\n<\/tr>\n<tr>\n<td width=\"274\"><\/td>\n<\/tr>\n<tr>\n<td width=\"274\"><a href=\"https:\/\/drive.google.com\/file\/d\/1SHakhcn6liEnk5-SZfb5mwJVxabiMVVi\/view?usp=sharing\">Grabaci\u00f3n evento deliberativo<\/a><\/td>\n<\/tr>\n<tr>\n<td width=\"274\"><\/td>\n<\/tr>\n<tr>\n<td width=\"274\"><\/td>\n<\/tr>\n<tr>\n<td rowspan=\"5\" width=\"213\">3.Evaluci\u00f3n Ciudadana<\/p>\n<p>4.Exposici\u00f3n del Informe<\/td>\n<td width=\"274\"><a href=\"https:\/\/drive.google.com\/file\/d\/19sMqXkSCl7gT_IW6SbXqUIap5ZBmAwNY\/view?usp=sharing\">Evaluaci\u00f3n Ciudadana<\/a><\/td>\n<\/tr>\n<tr>\n<td width=\"274\"><\/td>\n<\/tr>\n<tr>\n<td width=\"274\">::::::::::::::::::::::::::::::::::::::::::::::::::::::::::::::::::::::::::::<\/td>\n<\/tr>\n<tr>\n<td width=\"274\"><a href=\"https:\/\/drive.google.com\/file\/d\/11zLAsj6_5kP4HfscDNYD-J4RQwxxXQOM\/view?usp=sharing\">Exposici\u00f3n del Informe<\/a><\/td>\n<\/tr>\n<tr>\n<td width=\"274\"><\/td>\n<\/tr>\n<tr>\n<td width=\"213\">5.Respuesta a la Ciudadan\u00eda en la Deliberaci\u00f3n Publica<\/td>\n<td width=\"274\"><a href=\"https:\/\/drive.google.com\/file\/d\/1vzapXB3roanIsmp4-ZP9rMiFeZiZjZ_3\/view?usp=sharing\">Respuesta a la Ciudadan\u00eda<\/a><\/td>\n<\/tr>\n<tr>\n<td width=\"213\">6. Mesas de Trabaja<\/td>\n<td width=\"274\"><a href=\"https:\/\/drive.google.com\/file\/d\/1-avBnkD07rFVz4IywV9B2N24S4l2sT7d\/view?usp=sharing\">Mesas de Trabajo<\/a><\/td>\n<\/tr>\n<tr>\n<td width=\"213\">7Nomina de Asistentes<\/td>\n<td width=\"274\"><a href=\"https:\/\/drive.google.com\/file\/d\/14f8ezVyZe1-zbvo21SqXgwM4VEdxz3Fs\/view?usp=sharing\">NOMINA DE ASISTENTES<\/a><\/td>\n<\/tr>\n<tr>\n<td width=\"213\"><\/td>\n<td width=\"274\"><\/td>\n<\/tr>\n<tr>\n<td width=\"213\"><\/td>\n<td width=\"274\">::::::::::::::::::::::::::::::::::::::::::::::::::::::::::::::::::::::::::::<\/td>\n<\/tr>\n<tr>\n<td width=\"213\"><\/td>\n<td width=\"274\"><\/td>\n<\/tr>\n<tr>\n<td width=\"233\">&nbsp;<\/p>\n<p>&nbsp;<\/p>\n<p>&nbsp;<\/td>\n<td width=\"213\"><\/td>\n<td width=\"274\"><\/td>\n<\/tr>\n<tr>\n<td colspan=\"3\" width=\"720\">FASE 4 &#8211; INCORPORACI\u00d3N DE LA OPINI\u00d3N CIUDADANA, RETROALIMENTACI\u00d3N Y SEGUIMIENTO<\/td>\n<\/tr>\n<tr>\n<td width=\"233\">Momento de la Fase<\/td>\n<td width=\"213\"><\/td>\n<td width=\"274\"><\/td>\n<\/tr>\n<tr>\n<td rowspan=\"8\" width=\"233\">Incorporaci\u00f3n de la opini\u00f3n ciudadana, retroalimentaci\u00f3n y seguimiento<\/td>\n<td width=\"213\">1. Incorporaci\u00f3n de opini\u00f3n ciudadana. Plan de trabajo.<\/p>\n<p>*Entrega del Plan de Trabajo<\/td>\n<td width=\"274\"><a href=\"https:\/\/drive.google.com\/file\/d\/1qZQPoxpuNU-uN61BXVFZU91nluGSG39x\/view?usp=sharing\">Plan de trabajo<\/a><\/p>\n<p>&nbsp;<\/p>\n<p><a href=\"https:\/\/drive.google.com\/file\/d\/1QyHrXvvO-eGrwvLt59Ys8Vmop_9MqzMD\/view?usp=sharing\">Entrega Plan de Trabajo<\/a><\/td>\n<\/tr>\n<tr>\n<td width=\"213\"><\/td>\n<td width=\"274\"><\/td>\n<\/tr>\n<tr>\n<td width=\"213\">*Formulario final RDC que contiene el C\u00f3digo QR<\/td>\n<td width=\"274\"><a href=\"https:\/\/drive.google.com\/file\/d\/1JjgUDGT-J9LWJfNbzAmc-vUiZ-K0gLwa\/view?usp=sharing\">Formulario RDC final c\u00f3digo QR<\/a><\/td>\n<\/tr>\n<tr>\n<td width=\"213\"><\/td>\n<td width=\"274\"><\/td>\n<\/tr>\n<tr>\n<td width=\"213\"><\/td>\n<td width=\"274\"><\/td>\n<\/tr>\n<tr>\n<td width=\"213\"><\/td>\n<td width=\"274\"><\/td>\n<\/tr>\n<tr>\n<td width=\"213\"><\/td>\n<td width=\"274\"><\/td>\n<\/tr>\n<tr>\n<td width=\"213\"><\/td>\n<td width=\"274\"><\/td>\n<\/tr>\n<\/tbody>\n<\/table>\n","protected":false},"excerpt":{"rendered":"<p>Publicaci\u00f3n respaldos rendici\u00f3n de cuentas en el repositorio del sitio web institucional Instituci\u00f3n: GOBIERNO AUTONOMO DESCENTRALIZADO PARROQUIAL RURAL ATAHUALPA Registro \u00danico de Contribuyente (RUC): 1768120790001 Per\u00edodo de rendici\u00f3n de cuentas: 2024 Cargo y nombre de representante legal de la Entidad: Ing. Mauricio Marroqu\u00edn Equipo encargado de la RDC (2024): Jos\u00e9 Luis Rodr\u00edguez -Vocal Principal Elizabeth [&hellip;]<\/p>\n","protected":false},"author":6,"featured_media":0,"parent":0,"menu_order":0,"comment_status":"closed","ping_status":"closed","template":"","meta":{"footnotes":""},"class_list":["post-5029","page","type-page","status-publish","hentry","post"],"_links":{"self":[{"href":"https:\/\/atahualpahabaspamba.gob.ec\/pichincha\/wp-json\/wp\/v2\/pages\/5029","targetHints":{"allow":["GET"]}}],"collection":[{"href":"https:\/\/atahualpahabaspamba.gob.ec\/pichincha\/wp-json\/wp\/v2\/pages"}],"about":[{"href":"https:\/\/atahualpahabaspamba.gob.ec\/pichincha\/wp-json\/wp\/v2\/types\/page"}],"author":[{"embeddable":true,"href":"https:\/\/atahualpahabaspamba.gob.ec\/pichincha\/wp-json\/wp\/v2\/users\/6"}],"replies":[{"embeddable":true,"href":"https:\/\/atahualpahabaspamba.gob.ec\/pichincha\/wp-json\/wp\/v2\/comments?post=5029"}],"version-history":[{"count":46,"href":"https:\/\/atahualpahabaspamba.gob.ec\/pichincha\/wp-json\/wp\/v2\/pages\/5029\/revisions"}],"predecessor-version":[{"id":5279,"href":"https:\/\/atahualpahabaspamba.gob.ec\/pichincha\/wp-json\/wp\/v2\/pages\/5029\/revisions\/5279"}],"wp:attachment":[{"href":"https:\/\/atahualpahabaspamba.gob.ec\/pichincha\/wp-json\/wp\/v2\/media?parent=5029"}],"curies":[{"name":"wp","href":"https:\/\/api.w.org\/{rel}","templated":true}]}}