{"id":5154,"date":"2025-01-05T18:16:52","date_gmt":"2025-01-05T18:16:52","guid":{"rendered":"https:\/\/atahualpahabaspamba.gob.ec\/pichincha\/?page_id=5154"},"modified":"2026-04-23T15:49:08","modified_gmt":"2026-04-23T20:49:08","slug":"rendicion-de-cuentas-2025","status":"publish","type":"page","link":"https:\/\/atahualpahabaspamba.gob.ec\/pichincha\/rendicion-de-cuentas-2025\/","title":{"rendered":"Rendici\u00f3n de Cuentas 2025"},"content":{"rendered":"<p style=\"text-align: center;\"><em><strong>RENDICI\u00d3N DE CUENTAS 2025<\/strong><\/em><br \/>\n<em><strong>GOBIERNO AUTONOMO DESCENTRALIZADO PARROQUIAL RURAL ATAUALPA<\/strong><\/em><\/p>\n<p>&nbsp;<\/p>\n<table style=\"height: 514px;\" width=\"736\">\n<tbody>\n<tr>\n<td width=\"437\">Instituci\u00f3n:<\/td>\n<td width=\"498\">Gobierno Autonomo Descentralizado Parroquial Rural Atahualpa<\/td>\n<\/tr>\n<tr>\n<td>Registro \u00danico de Contribuyente (RUC):<\/td>\n<td>176810790001<\/td>\n<\/tr>\n<tr>\n<td>Per\u00edodo de rendici\u00f3n de cuentas:<\/td>\n<td>1 de enero al 31 de diciembre de 2025<\/td>\n<\/tr>\n<tr>\n<td>Cargo y nombre de representante legal de la Entidad:<\/td>\n<td>Presidente, Marcelo Maurcio Marroquin Cacuango<\/p>\n<p>&nbsp;<\/td>\n<\/tr>\n<tr>\n<td rowspan=\"2\" width=\"437\">&nbsp;<\/p>\n<p>Equipo encargado de la RDC (2025):<\/td>\n<td width=\"498\">-Ing. Catherine Tip\u00e1n &#8211; Secretaria Tesorera<\/p>\n<p>-Lcda. Dayana Pinto &#8211; Secretaria Auxiliar<\/p>\n<p>-Sra. Elizabeth G\u00f3mez &#8211; Vocal Principal<\/td>\n<\/tr>\n<tr>\n<td><a href=\"https:\/\/drive.google.com\/file\/d\/1rZC7kotuL6HqUB9vhpfEL5whjPZrZoYc\/view?usp=sharing\" target=\"_blank\" rel=\"noopener\">Delegaci\u00f3n Equipo Institucional<\/a><\/td>\n<\/tr>\n<tr>\n<td>&nbsp;<\/p>\n<p>Funci\u00f3n a la que pertenece:<\/td>\n<td>&nbsp;<\/p>\n<p>Gobierno Autonomo Descentralizado Parroquial Rural<\/td>\n<\/tr>\n<\/tbody>\n<\/table>\n<hr \/>\n<table style=\"border-collapse: collapse; width: 735px; height: 929px;\" border=\"0\" width=\"240\" cellspacing=\"0\" cellpadding=\"0\">\n<tbody>\n<tr style=\"height: 15.0pt;\">\n<td class=\"xl66\" style=\"height: 15pt; width: 180pt; text-align: center;\" colspan=\"3\" width=\"240\" height=\"20\"><strong>FASE 1: PLANIFICACI\u00d3N Y FACILITACI\u00d3N DEL PROCESO DESDE LA ASAMBLEA LOCAL<\/strong><\/td>\n<\/tr>\n<tr style=\"height: 15.0pt;\">\n<td class=\"xl65\" style=\"height: 15pt; border-top: none; text-align: left;\" height=\"20\"><strong>Cumplimento Fase1<\/strong><\/td>\n<td class=\"xl65\" style=\"border-top: none; border-left: none; text-align: left;\"><strong>Respaldo<\/strong><\/td>\n<td class=\"xl65\" style=\"border-top: none; border-left: none; text-align: left;\"><strong>Enlace<\/strong><\/td>\n<\/tr>\n<tr style=\"height: 15.0pt;\">\n<td class=\"xl66\" style=\"height: 90.0pt; border-top: none;\" rowspan=\"6\" height=\"120\">&nbsp;<\/p>\n<p>&nbsp;<\/p>\n<p>&nbsp;<\/p>\n<p>&nbsp;<\/p>\n<p>Documentos de la Instituci\u00f3n<\/p>\n<p>&nbsp;<\/td>\n<td class=\"xl65\" style=\"border-top: none; border-left: none; text-align: left;\">Plan de Desarrollo y Ordenamiento Territorial PDOT<\/td>\n<td class=\"xl65\" style=\"border-top: none; border-left: none; text-align: left;\"><a href=\"https:\/\/drive.google.com\/file\/d\/1N5-FvrQXqbwPPvzIReOKjt3jOtlY-TS2\/view?usp=sharing\" target=\"_blank\" rel=\"noopener\">PDOT<\/a><\/td>\n<\/tr>\n<tr style=\"height: 15.0pt;\">\n<td class=\"xl65\" style=\"height: 15pt; border-top: none; border-left: none; text-align: left;\" height=\"20\">Plan de Trabajo (CNE)<\/td>\n<td class=\"xl65\" style=\"border-top: none; border-left: none; text-align: left;\"><a href=\"https:\/\/drive.google.com\/file\/d\/1AYNKn5kCNYz8MvvWi4AhzZpzyjlI2N1j\/view?usp=drive_link\" target=\"_blank\" rel=\"noopener\">Plan de Trabajo<\/a><\/td>\n<\/tr>\n<tr style=\"height: 15.0pt;\">\n<td class=\"xl66\" style=\"height: 30.0pt; border-top: none;\" rowspan=\"2\" height=\"40\">\n<p style=\"text-align: left;\">Plan Operativo<\/p>\n<p style=\"text-align: left;\">Plan Anual de Contrataci\u00f3n<\/p>\n<\/td>\n<td class=\"xl65\" style=\"border-top: none; border-left: none; text-align: left;\"><a href=\"https:\/\/drive.google.com\/file\/d\/1fYEFo270wNCwwDxWYDtXpRYVKUy0JjG7\/view?usp=drive_link\" target=\"_blank\" rel=\"noopener\">POA<\/a><\/td>\n<\/tr>\n<tr style=\"height: 15.0pt;\">\n<td class=\"xl65\" style=\"height: 15pt; border-top: none; border-left: none; text-align: left;\" height=\"20\"><a href=\"https:\/\/drive.google.com\/file\/d\/1MEiNGMWzHIa7AeXj7ay6KGwKb_PyHimh\/view?usp=drive_link\" target=\"_blank\" rel=\"noopener\">PAC<\/a><\/td>\n<\/tr>\n<tr style=\"height: 15.0pt;\">\n<td class=\"xl66\" style=\"height: 30.0pt; border-top: none;\" rowspan=\"2\" height=\"40\">&nbsp;<\/p>\n<p>&nbsp;<\/p>\n<p>&nbsp;<\/p>\n<p style=\"text-align: left;\">Presupuesto Institucional<\/p>\n<p style=\"text-align: left;\">\n<\/td>\n<td class=\"xl65\" style=\"border-top: none; border-left: none; text-align: left;\"><a href=\"https:\/\/drive.google.com\/file\/d\/1OEb82sr9lSZE--IqnIi_rc8Aij175WLb\/view?usp=sharing\">Informe Lotaip 2025<\/a><\/p>\n<p>&nbsp;<\/td>\n<\/tr>\n<tr style=\"height: 15.0pt;\">\n<td class=\"xl65\" style=\"height: 15pt; border-top: none; border-left: none; text-align: left;\" height=\"20\"><a href=\"https:\/\/drive.google.com\/file\/d\/1RHAauQ7Jn7glzydT0UL8utalAwIn-oB2\/view?usp=sharing\" target=\"_blank\" rel=\"noopener\">Presupuesto Institucional<\/a><\/p>\n<p><a href=\"https:\/\/drive.google.com\/file\/d\/1_po14O2tIFTwIAwOjKf31hxbZZwd8Lex\/view?usp=sharing\" target=\"_blank\" rel=\"noopener\">Ingresos<\/a><\/p>\n<p><a href=\"https:\/\/drive.google.com\/file\/d\/1a7AEihe0grzfTudlLZ6wTg-fLMSYeDTF\/view?usp=sharing\" target=\"_blank\" rel=\"noopener\">Gastos<\/a><\/p>\n<p><a href=\"https:\/\/drive.google.com\/file\/d\/1fXzYZAOVcT2YBMrkgCLShDCUS-IJp4TS\/view?usp=sharing\" target=\"_blank\" rel=\"noopener\">Proyecto 1<\/a><\/p>\n<p><a href=\"https:\/\/drive.google.com\/file\/d\/1fXzYZAOVcT2YBMrkgCLShDCUS-IJp4TS\/view?usp=sharing\" target=\"_blank\" rel=\"noopener\">Proyecto 2<\/a><\/p>\n<p><a href=\"https:\/\/drive.google.com\/file\/d\/1EVK5pJmxKVxQ7CXhe4IqcDfox48rX02U\/view?usp=sharing\" target=\"_blank\" rel=\"noopener\">Proyecto 3<\/a><\/p>\n<p><a href=\"https:\/\/drive.google.com\/file\/d\/1EydJ_5AYlf8hChhjgUE2vx4KDvK35OUo\/view?usp=sharing\" target=\"_blank\" rel=\"noopener\">Proyecto 4<\/a><\/td>\n<\/tr>\n<tr style=\"height: 15.0pt;\">\n<td class=\"xl66\" style=\"height: 30.0pt; border-top: none;\" rowspan=\"2\" height=\"40\">&nbsp;<\/p>\n<p>Sustento de la recepci\u00f3n del listado de temas sobre los cuales la ciudadan\u00eda solicita que se rinda cuentas<\/p>\n<p>&nbsp;<\/td>\n<td class=\"xl65\" style=\"border-top: none; border-left: none; text-align: left;\">Convocatoria ciudadana (consulta de temas listado de entrega)<\/td>\n<td class=\"xl65\" style=\"border-top: none; border-left: none; text-align: left;\"><a href=\"https:\/\/drive.google.com\/file\/d\/193N6zO4MSmTqKJhVEuSPcpKaScr7uANF\/view?usp=sharing\">Convocatoria<\/a><\/td>\n<\/tr>\n<tr style=\"height: 15.0pt;\">\n<td class=\"xl65\" style=\"height: 15pt; border-top: none; border-left: none; text-align: left;\" height=\"20\">Acta de reuni\u00f3n de consulta a la ciudadan\u00eda listado de temas entregados a la instituci\u00f3n<\/p>\n<p>&nbsp;<\/td>\n<td class=\"xl65\" style=\"border-top: none; border-left: none; text-align: left;\"><a href=\"https:\/\/drive.google.com\/file\/d\/1gVjIgrOdRrSXC20WmDnMhQjzppuaP3x9\/view?usp=sharing\" target=\"_blank\" rel=\"noopener\">Acta de Reuni\u00f3n y Listado de Temas<\/a><\/td>\n<\/tr>\n<tr style=\"height: 15.0pt;\">\n<td class=\"xl65\" style=\"height: 15.0pt; border-top: none;\" height=\"20\">Sustento de la conformaci\u00f3n del equipo t\u00e9cnico mixto para organizar y facilitar el proceso de rendici\u00f3n de cuentas<\/td>\n<td class=\"xl65\" style=\"border-top: none; border-left: none; text-align: left;\">Acta de conformaci\u00f3n del Equipo t\u00e9cnico mixto<\/td>\n<td class=\"xl65\" style=\"border-top: none; border-left: none; text-align: left;\"><a href=\"https:\/\/drive.google.com\/file\/d\/1M0LrhQAN8NuhAUZlLWA78AqVsWzN0oBZ\/view?usp=sharing\" target=\"_blank\" rel=\"noopener\">Conformaci\u00f3n comisiones mixtas<\/a><\/td>\n<\/tr>\n<\/tbody>\n<\/table>\n<hr \/>\n<table style=\"height: 458px;\" width=\"734\">\n<tbody>\n<tr>\n<td style=\"text-align: center;\" colspan=\"3\" width=\"817\"><strong>FASE 2 :EVALUACI\u00d3N DE LA GESTI\u00d3N Y ELABORACI\u00d3N DEL INFORME DE RENDICI\u00d3N DE CUENTAS<\/strong><\/td>\n<\/tr>\n<tr>\n<td><strong>Cumplimiento Fase 2<\/strong><\/td>\n<td><strong>Respaldo<\/strong><\/td>\n<td><strong>Enlace<\/strong><\/td>\n<\/tr>\n<tr>\n<td rowspan=\"6\" width=\"210\">&nbsp;<\/p>\n<p>&nbsp;<\/p>\n<p>Sustento de la entrega del informe preliminar y formulario de rendici\u00f3n de cuentas institucional con 10 d\u00edas t\u00e9rmino de antelaci\u00f3n a la deliberaci\u00f3n p\u00fablica a la Asamblea Local Ciudadana o quien haga sus veces<\/td>\n<td>Actas de reuniones de la Comisi\u00f3n mixta 1 (encargada de la elaboraci\u00f3n del informe)<\/td>\n<td>Acta reuni\u00f3n Comisi\u00f3n mixta 1<\/td>\n<\/tr>\n<tr>\n<td>Informe de RDC aprobado por la m\u00e1xima autoridad de la entidad.<\/td>\n<td>Informe narrativo RDC<\/td>\n<\/tr>\n<tr>\n<td>Formulario RDC Preliminar (Excel con v\u00ednculos habilitados)<\/td>\n<td>Formulario RDC preliminar<\/td>\n<\/tr>\n<tr>\n<td>Aprobaci\u00f3n del Informe por parte de la m\u00e1xima autoridad de la Instituci\u00f3n<\/td>\n<td>Aprobaci\u00f3n del informe<\/td>\n<\/tr>\n<tr>\n<td>Acta de entrega previa del Informe a la Asamblea Local(representantes ciudadana)<\/td>\n<td>Acta entrega de Informe a la ciudadan\u00eda<\/td>\n<\/tr>\n<tr>\n<td>Actas de reuniones de la Comisi\u00f3n mixta 2 (encargada del evento de deliberacion publica)<\/td>\n<td>Acta reuni\u00f3n Comisi\u00f3n mixta 2<\/td>\n<\/tr>\n<\/tbody>\n<\/table>\n<hr \/>\n<table width=\"1185\">\n<tbody>\n<tr>\n<td colspan=\"3\" width=\"1185\">FASE 3 \u2013 DELIBERACI\u00d3N P\u00daBLICA Y EVALUACI\u00d3N CIUDADANA DEL INFORME INSTITUCIONAL<\/td>\n<\/tr>\n<tr>\n<td>Cumplimiento Fase 3<\/td>\n<td>Respaldo<\/td>\n<td>Enlace para acceder al respaldo<\/td>\n<\/tr>\n<tr>\n<td rowspan=\"4\" width=\"187\">Sustento de la difusi\u00f3n del informe de RDC y la convocatoria al evento deliberativo<\/td>\n<td>Evidencia de la difusi\u00f3n previa del informe de RDC aprobado<\/td>\n<td>Difusi\u00f3n del informe de RDC aprobado<\/td>\n<\/tr>\n<tr>\n<td rowspan=\"3\" width=\"576\">Convocatoria a la deliberaci\u00f3n p\u00fablica y evaluaci\u00f3n ciudadana<\/td>\n<td>Convocatoria p\u00fablica a evento<\/td>\n<\/tr>\n<tr>\n<td>Fecha evento deliberativo: 00 de mes de 2026<\/td>\n<\/tr>\n<tr>\n<td>Invitaciones directas<\/td>\n<\/tr>\n<tr>\n<td rowspan=\"2\" width=\"187\">Sustento de la intervenci\u00f3n de laAsamblea Local Ciudadana o de quien cumpli\u00f3 sus veces, como parte de la agenda de la deliberaci\u00f3n p\u00fablica<\/td>\n<td rowspan=\"2\" width=\"576\">Constancia de que la Asamblea Ciudadana Local (representantes ciudadanos) eval\u00faa el informe de Rendici\u00f3n de Cuentas (intervenci\u00f3n en el evento)<\/td>\n<td>Orden del d\u00eda<\/td>\n<\/tr>\n<tr>\n<td>Grabaci\u00f3n evento deliberativo<\/td>\n<\/tr>\n<tr>\n<td>Sustento de la realizaci\u00f3n de mesas de trabajo durante el espacio deliberativo<\/td>\n<td>Constancia de la realizaci\u00f3n de las mesas de trabajo y acta de compromisos<\/td>\n<td>Reporte de la deliberaci\u00f3n p\u00fablica<\/td>\n<\/tr>\n<tr>\n<td><\/td>\n<td><\/td>\n<td><\/td>\n<\/tr>\n<\/tbody>\n<\/table>\n<hr \/>\n<hr \/>\n<table width=\"842\">\n<tbody>\n<tr>\n<td colspan=\"3\" width=\"842\">FASE 4 \u2013 INCORPORACI\u00d3N DE LA OPINI\u00d3N CIUDADANA, RETROALIMENTACI\u00d3N Y SEGUIMIENTO<\/td>\n<\/tr>\n<tr>\n<td>Cumplimiento Fase 4<\/td>\n<td>Respaldo<\/td>\n<td>Enlace<\/td>\n<\/tr>\n<tr>\n<td width=\"187\">Sustento de la elaboraci\u00f3n del Plan de trabajo incorporando las recomendaciones ciudadanas a su gesti\u00f3n<\/td>\n<td>Plan de Trabajo que recoja las sugerencias y recomendaciones de la ciudadan\u00eda para implementarlas en la gesti\u00f3n de la instituci\u00f3n<\/td>\n<td>Plan de trabajo<\/td>\n<\/tr>\n<tr>\n<td rowspan=\"4\" width=\"187\">Sustento de la entrega del plan de trabajo a la Asamblea Local Ciudadana o quien cumple sus veces, con su respectivo recibido<\/td>\n<td>Constancia de entrega del Plan de Trabajo a<\/td>\n<td>Oficio entrega plan de trabajo a la Asamblea Ciudadana<\/td>\n<\/tr>\n<tr>\n<td>* Asamblea Local Ciudadana o quien cumpli\u00f3 sus funciones<\/td>\n<td>Oficio entrega plan de trabajo al Consejo de Planificaci\u00f3n<\/td>\n<\/tr>\n<tr>\n<td>*Consejo de Planificaci\u00f3n<\/td>\n<td>Constancia entrega plan de trabajo al CPCCS: Formulario RDC final c\u00f3digo QR<\/td>\n<\/tr>\n<tr>\n<td>*CPCCS<\/td>\n<td>Fecha de finalizaci\u00f3n: 00 de mes de 2026Correo notificaci\u00f3n finalizaci\u00f3n<\/td>\n<\/tr>\n<tr>\n<td>Sustento de que se cumplieron las recomendaciones del a\u00f1o anterior<\/td>\n<td>Constancia de cumplimiento de las recomendaciones del a\u00f1o anterior (Acta de compromisos y Plan de trabajo)<\/td>\n<td>Informe de cumplimiento<\/td>\n<\/tr>\n<\/tbody>\n<\/table>\n<p>&nbsp;<\/p>\n","protected":false},"excerpt":{"rendered":"<p>RENDICI\u00d3N DE CUENTAS 2025 GOBIERNO AUTONOMO DESCENTRALIZADO PARROQUIAL RURAL ATAUALPA &nbsp; Instituci\u00f3n: Gobierno Autonomo Descentralizado Parroquial Rural Atahualpa Registro \u00danico de Contribuyente (RUC): 176810790001 Per\u00edodo de rendici\u00f3n de cuentas: 1 de enero al 31 de diciembre de 2025 Cargo y nombre de representante legal de la Entidad: Presidente, Marcelo Maurcio Marroquin Cacuango &nbsp; &nbsp; Equipo [&hellip;]<\/p>\n","protected":false},"author":6,"featured_media":0,"parent":0,"menu_order":0,"comment_status":"closed","ping_status":"closed","template":"templates\/template-full.php","meta":{"footnotes":""},"class_list":["post-5154","page","type-page","status-publish","hentry","post"],"_links":{"self":[{"href":"https:\/\/atahualpahabaspamba.gob.ec\/pichincha\/wp-json\/wp\/v2\/pages\/5154","targetHints":{"allow":["GET"]}}],"collection":[{"href":"https:\/\/atahualpahabaspamba.gob.ec\/pichincha\/wp-json\/wp\/v2\/pages"}],"about":[{"href":"https:\/\/atahualpahabaspamba.gob.ec\/pichincha\/wp-json\/wp\/v2\/types\/page"}],"author":[{"embeddable":true,"href":"https:\/\/atahualpahabaspamba.gob.ec\/pichincha\/wp-json\/wp\/v2\/users\/6"}],"replies":[{"embeddable":true,"href":"https:\/\/atahualpahabaspamba.gob.ec\/pichincha\/wp-json\/wp\/v2\/comments?post=5154"}],"version-history":[{"count":76,"href":"https:\/\/atahualpahabaspamba.gob.ec\/pichincha\/wp-json\/wp\/v2\/pages\/5154\/revisions"}],"predecessor-version":[{"id":5322,"href":"https:\/\/atahualpahabaspamba.gob.ec\/pichincha\/wp-json\/wp\/v2\/pages\/5154\/revisions\/5322"}],"wp:attachment":[{"href":"https:\/\/atahualpahabaspamba.gob.ec\/pichincha\/wp-json\/wp\/v2\/media?parent=5154"}],"curies":[{"name":"wp","href":"https:\/\/api.w.org\/{rel}","templated":true}]}}