{"id":829,"date":"2017-02-22T22:38:09","date_gmt":"2017-02-23T03:38:09","guid":{"rendered":"http:\/\/atahualpahabaspamba.gob.ec\/pichincha\/?page_id=829"},"modified":"2021-05-28T15:33:20","modified_gmt":"2021-05-28T20:33:20","slug":"rendicion-de-cuentas-2017","status":"publish","type":"page","link":"https:\/\/atahualpahabaspamba.gob.ec\/pichincha\/rendicion-de-cuentas-2017\/","title":{"rendered":"Rendici\u00f3n de Cuentas 2017"},"content":{"rendered":"<p><strong>FASE 1 &#8211; PLANIFICACI\u00d3N Y FACILITACI\u00d3N DEL PROCESO<\/strong><\/p>\n<ol>\n<li><a href=\"https:\/\/atahualpahabaspamba.gob.ec\/pichincha\/rendicion-de-cuentas-2017\/rc-2018organizacion-del-proceso\/\" rel=\"attachment wp-att-1135\">Organizaci\u00f2n del Proceso<\/a><\/li>\n<li><a href=\"https:\/\/atahualpahabaspamba.gob.ec\/pichincha\/rendicion-de-cuentas-2017\/consul-ciudadana\/\" rel=\"attachment wp-att-1149\">Consulta ciudadana<\/a> (mediante oficios de invitaci\u00f3n se adjunta:&nbsp;&nbsp;<a href=\"https:\/\/atahualpahabaspamba.gob.ec\/pichincha\/rendicion-de-cuentas-2017\/poa-2017\/\" rel=\"attachment wp-att-1132\">POA 2017<\/a>&nbsp; &nbsp;<a href=\"https:\/\/atahualpahabaspamba.gob.ec\/pichincha\/rendicion-de-cuentas-2017\/informe-ingresos-y-gastos-gad-atahualpa-2017\/\" rel=\"attachment wp-att-1131\">INFORME-INGRESOS-Y-GASTOS-GAD-ATAHUALPA-2017 <\/a>&nbsp; <a href=\"https:\/\/atahualpahabaspamba.gob.ec\/pichincha\/rendicion-de-cuentas-2017\/proforma-2018\/\" rel=\"attachment wp-att-1133\">PROFORMA 2018<\/a>&nbsp;\/ <a href=\"https:\/\/atahualpahabaspamba.gob.ec\/pichincha\/rendicion-de-cuentas-2017\/listas-23-61\/\" rel=\"attachment wp-att-1160\">Oferta de Campa\u00f1a LISTAS 23-61<\/a> \/ <a href=\"https:\/\/atahualpahabaspamba.gob.ec\/pichincha\/rendicion-de-cuentas-2017\/listas-35\/\" rel=\"attachment wp-att-1161\">Oferta de campa\u00f1a LISTAS 35<\/a>\/ <a href=\"https:\/\/atahualpahabaspamba.gob.ec\/pichincha\/rendicion-de-cuentas-2017\/listas-18\/\" rel=\"attachment wp-att-1162\">Oferta de campa\u00f1a LISTAS 18<\/a>-)<\/li>\n<li><a href=\"https:\/\/atahualpahabaspamba.gob.ec\/pichincha\/rendicion-de-cuentas-2017\/temas-entregados-al-gad\/\" rel=\"attachment wp-att-1158\">Temas-entregados-al-GAD para que rinda cuentas.pdf<\/a><\/li>\n<li><a href=\"https:\/\/atahualpahabaspamba.gob.ec\/pichincha\/rendicion-de-cuentas-2017\/registro-de-presidentes-e-instituciones\/\" rel=\"attachment wp-att-1139\">Instancias de Participaci\u00f3n&nbsp;<\/a>&nbsp; &nbsp; <a href=\"https:\/\/atahualpahabaspamba.gob.ec\/pichincha\/rendicion-de-cuentas-2017\/respuesta-del-gad-a-la-ciudadania\/\" rel=\"attachment wp-att-1168\">Respuesta del GAD a la Ciudadan\u00eda<\/a><\/li>\n<\/ol>\n<p><a href=\"http:\/\/atahualpahabaspamba.gob.ec\/pichincha\/?attachment_id=1170\"><img loading=\"lazy\" decoding=\"async\" class=\"alignnone wp-image-1170\" src=\"http:\/\/atahualpahabaspamba.gob.ec\/pichincha\/wp-content\/uploads\/2017\/02\/Flujodrama-del-proceso-de-rendicion-de-cuentas-550x381.jpg\" alt=\"\" width=\"336\" height=\"233\" srcset=\"https:\/\/atahualpahabaspamba.gob.ec\/pichincha\/wp-content\/uploads\/2017\/02\/Flujodrama-del-proceso-de-rendicion-de-cuentas-550x381.jpg 550w, https:\/\/atahualpahabaspamba.gob.ec\/pichincha\/wp-content\/uploads\/2017\/02\/Flujodrama-del-proceso-de-rendicion-de-cuentas.jpg 700w\" sizes=\"auto, (max-width: 336px) 100vw, 336px\" \/><\/a><\/p>\n<p><strong>&nbsp;FASE 2 &#8211; EVALUACI\u00d3N DE LA GESTI\u00d3N Y ELABORACI\u00d3N DEL INFORME DE RENDICI\u00d3N DE CUENTAS<\/strong><\/p>\n<ol>\n<li>Evaluaci\u00f3n de la gesti\u00f3n institucional<\/li>\n<li><a href=\"https:\/\/atahualpahabaspamba.gob.ec\/pichincha\/rendicion-de-cuentas-2017\/llenado-formulario-del-cpccs\/\" rel=\"attachment wp-att-1181\">Llenado formulario del CPCCS<\/a><\/li>\n<li><a href=\"https:\/\/atahualpahabaspamba.gob.ec\/pichincha\/rendicion-de-cuentas-2017\/rendicion-de-cuentas-2017-gad-atahualpa\/\" rel=\"attachment wp-att-1166\">Aprobaci\u00f3n del informe por el GAD<\/a><\/li>\n<li><a href=\"https:\/\/atahualpahabaspamba.gob.ec\/pichincha\/rendicion-de-cuentas-2017\/informe-ingresos-y-gastos-gad-atahualpa-2017\/\" rel=\"attachment wp-att-1131\">Entrega previa del informe a la Asamblea Ciudadana Local<\/a><\/li>\n<\/ol>\n<p><strong>&nbsp;FASE 3 &#8211; DELIBERACI\u00d3N P\u00daBLICA Y EVALUACI\u00d3N CIUDADANA DEL INFORME DE RENDICI\u00d3N DE CUENTAS<\/strong><\/p>\n<ol>\n<li>La Asamblea Ciudadana Local eval\u00faa el informe de Rendici\u00f3n de Cuentas<\/li>\n<li><a href=\"https:\/\/atahualpahabaspamba.gob.ec\/pichincha\/rendicion-de-cuentas-2017\/informe-ingresos-y-gastos-gad-atahualpa-2017\/\" rel=\"attachment wp-att-1131\">Difusi\u00f3n previa del Informe de Rendici\u00f3n de Cuentas<\/a><\/li>\n<li><a href=\"https:\/\/www.facebook.com\/GADAtahualpaHabaspamba\/photos\/a.685468038248090.1073741829.684731074988453\/1470609719733914\/?type=3&amp;theater\">Convocatoria a la deliberaci\u00f3n p\u00fablica y evaluaci\u00f3n ciudadana<\/a><a href=\"http:\/\/atahualpahabaspamba.gob.ec\/pichincha\/?attachment_id=1141\"><img loading=\"lazy\" decoding=\"async\" class=\"alignnone size-medium wp-image-1141\" src=\"http:\/\/atahualpahabaspamba.gob.ec\/pichincha\/wp-content\/uploads\/2017\/02\/Invitacion-RC2018-550x424.jpg\" alt=\"\" width=\"550\" height=\"424\" srcset=\"https:\/\/atahualpahabaspamba.gob.ec\/pichincha\/wp-content\/uploads\/2017\/02\/Invitacion-RC2018-550x424.jpg 550w, https:\/\/atahualpahabaspamba.gob.ec\/pichincha\/wp-content\/uploads\/2017\/02\/Invitacion-RC2018.jpg 700w\" sizes=\"auto, (max-width: 550px) 100vw, 550px\" \/><\/a><\/li>\n<li><a href=\"https:\/\/atahualpahabaspamba.gob.ec\/pichincha\/rendicion-de-cuentas-2017\/orden-del-dia\/\" rel=\"attachment wp-att-1176\">Deliberaci\u00f3n Publica<\/a><\/li>\n<\/ol>\n<p><span class=\"_5mfr _47e3\"><span class=\"_7oe\">\ud83d\udccc<\/span><\/span>Gran acogida y participaci\u00f3n de la comunidad en la audiencia p\u00fablica de rendici\u00f3n de cuentas del a\u00f1o fiscal 2017, donde como autoridades electas es nuestro deb<span class=\"text_exposed_show\">er informar los resultados a la poblaci\u00f3n y recibir sus aportes para garantizar la satisfacci\u00f3n de las demandas ciudadanas prestando servicios de calidad.&nbsp;<span class=\"_5mfr _47e3\"><span class=\"_7oe\">\ud83d\udcca<\/span><\/span><a class=\"_58cn\" href=\"https:\/\/www.facebook.com\/hashtag\/rendici%C3%B3ndecuentas?source=feed_text\" data-ft=\"{&quot;tn&quot;:&quot;*N&quot;,&quot;type&quot;:104}\"><span class=\"_5afx\"><span class=\"_58cl _5afz\" aria-label=\"numeral\">#<\/span><span class=\"_58cm\">Rendici\u00f3nDeCuentas<\/span><\/span><\/a>2017&nbsp;<a href=\"http:\/\/atahualpahabaspamba.gob.ec\/pichincha\/?attachment_id=1172\"><img loading=\"lazy\" decoding=\"async\" class=\"alignnone wp-image-1172\" src=\"http:\/\/atahualpahabaspamba.gob.ec\/pichincha\/wp-content\/uploads\/2017\/02\/1-1-550x367.jpg\" alt=\"\" width=\"324\" height=\"216\" srcset=\"https:\/\/atahualpahabaspamba.gob.ec\/pichincha\/wp-content\/uploads\/2017\/02\/1-1-550x367.jpg 550w, https:\/\/atahualpahabaspamba.gob.ec\/pichincha\/wp-content\/uploads\/2017\/02\/1-1-768x512.jpg 768w, https:\/\/atahualpahabaspamba.gob.ec\/pichincha\/wp-content\/uploads\/2017\/02\/1-1.jpg 960w\" sizes=\"auto, (max-width: 324px) 100vw, 324px\" \/><\/a> <a href=\"http:\/\/atahualpahabaspamba.gob.ec\/pichincha\/?attachment_id=1173\"><img loading=\"lazy\" decoding=\"async\" class=\"alignnone wp-image-1173\" src=\"http:\/\/atahualpahabaspamba.gob.ec\/pichincha\/wp-content\/uploads\/2017\/02\/2-550x367.jpg\" alt=\"\" width=\"321\" height=\"214\" srcset=\"https:\/\/atahualpahabaspamba.gob.ec\/pichincha\/wp-content\/uploads\/2017\/02\/2-550x367.jpg 550w, https:\/\/atahualpahabaspamba.gob.ec\/pichincha\/wp-content\/uploads\/2017\/02\/2-768x512.jpg 768w, https:\/\/atahualpahabaspamba.gob.ec\/pichincha\/wp-content\/uploads\/2017\/02\/2.jpg 960w\" sizes=\"auto, (max-width: 321px) 100vw, 321px\" \/><\/a><\/span><\/p>\n<p><strong>FASE 4 &#8211; INCORPORACI\u00d3N DE LA OPINI\u00d3N CIUDADANA, RETROALIMENTACI\u00d3N Y SEGUIMIENTO<\/strong><\/p>\n<ol>\n<li>Incorporaci\u00f3n de opini\u00f3n ciudadana, registro de asistencia a la audiencia publica.<\/li>\n<li>Entrega del Informe de Rendici\u00f3n de Cuentas al CPCCS<\/li>\n<li>Monitoreo del cumplimiento del proceso por el CPCCS<\/li>\n<\/ol>\n","protected":false},"excerpt":{"rendered":"<p>FASE 1 &#8211; PLANIFICACI\u00d3N Y FACILITACI\u00d3N DEL PROCESO Organizaci\u00f2n del Proceso Consulta ciudadana (mediante oficios de invitaci\u00f3n se adjunta:&nbsp;&nbsp;POA 2017&nbsp; &nbsp;INFORME-INGRESOS-Y-GASTOS-GAD-ATAHUALPA-2017 &nbsp; PROFORMA 2018&nbsp;\/ Oferta de Campa\u00f1a LISTAS 23-61 \/ Oferta de campa\u00f1a LISTAS 35\/ Oferta de campa\u00f1a LISTAS 18-) Temas-entregados-al-GAD para que rinda cuentas.pdf Instancias de Participaci\u00f3n&nbsp;&nbsp; &nbsp; Respuesta del GAD a la Ciudadan\u00eda [&hellip;]<\/p>\n","protected":false},"author":6,"featured_media":1136,"parent":0,"menu_order":0,"comment_status":"closed","ping_status":"closed","template":"","meta":{"footnotes":""},"class_list":["post-829","page","type-page","status-publish","has-post-thumbnail","hentry","post","post-with-thumbnail","post-with-thumbnail-large"],"_links":{"self":[{"href":"https:\/\/atahualpahabaspamba.gob.ec\/pichincha\/wp-json\/wp\/v2\/pages\/829","targetHints":{"allow":["GET"]}}],"collection":[{"href":"https:\/\/atahualpahabaspamba.gob.ec\/pichincha\/wp-json\/wp\/v2\/pages"}],"about":[{"href":"https:\/\/atahualpahabaspamba.gob.ec\/pichincha\/wp-json\/wp\/v2\/types\/page"}],"author":[{"embeddable":true,"href":"https:\/\/atahualpahabaspamba.gob.ec\/pichincha\/wp-json\/wp\/v2\/users\/6"}],"replies":[{"embeddable":true,"href":"https:\/\/atahualpahabaspamba.gob.ec\/pichincha\/wp-json\/wp\/v2\/comments?post=829"}],"version-history":[{"count":27,"href":"https:\/\/atahualpahabaspamba.gob.ec\/pichincha\/wp-json\/wp\/v2\/pages\/829\/revisions"}],"predecessor-version":[{"id":3154,"href":"https:\/\/atahualpahabaspamba.gob.ec\/pichincha\/wp-json\/wp\/v2\/pages\/829\/revisions\/3154"}],"wp:featuredmedia":[{"embeddable":true,"href":"https:\/\/atahualpahabaspamba.gob.ec\/pichincha\/wp-json\/wp\/v2\/media\/1136"}],"wp:attachment":[{"href":"https:\/\/atahualpahabaspamba.gob.ec\/pichincha\/wp-json\/wp\/v2\/media?parent=829"}],"curies":[{"name":"wp","href":"https:\/\/api.w.org\/{rel}","templated":true}]}}